{"id":287,"date":"2025-08-05T15:37:50","date_gmt":"2025-08-05T20:37:50","guid":{"rendered":"https:\/\/fusemvid.org\/?page_id=287"},"modified":"2025-10-01T13:54:29","modified_gmt":"2025-10-01T18:54:29","slug":"donaciones","status":"publish","type":"page","link":"https:\/\/fusemvid.org\/index.php\/donaciones\/","title":{"rendered":"Donaciones"},"content":{"rendered":"\t\t<div data-elementor-type=\"wp-page\" data-elementor-id=\"287\" class=\"elementor elementor-287\" data-elementor-post-type=\"page\">\n\t\t\t\t<div class=\"elementor-element elementor-element-1212699 e-flex e-con-boxed e-con e-parent\" data-id=\"1212699\" data-element_type=\"container\">\n\t\t\t\t\t<div class=\"e-con-inner\">\n\t\t\t\t<div class=\"elementor-element elementor-element-a66bcaf elementor-widget elementor-widget-text-editor\" data-id=\"a66bcaf\" data-element_type=\"widget\" data-widget_type=\"text-editor.default\">\n\t\t\t\t<div class=\"elementor-widget-container\">\n\t\t\t<style>\/*! elementor - v3.21.0 - 15-04-2024 *\/\n.elementor-widget-text-editor.elementor-drop-cap-view-stacked .elementor-drop-cap{background-color:#69727d;color:#fff}.elementor-widget-text-editor.elementor-drop-cap-view-framed .elementor-drop-cap{color:#69727d;border:3px solid;background-color:transparent}.elementor-widget-text-editor:not(.elementor-drop-cap-view-default) .elementor-drop-cap{margin-top:8px}.elementor-widget-text-editor:not(.elementor-drop-cap-view-default) .elementor-drop-cap-letter{width:1em;height:1em}.elementor-widget-text-editor .elementor-drop-cap{float:left;text-align:center;line-height:1;font-size:50px}.elementor-widget-text-editor .elementor-drop-cap-letter{display:inline-block}<\/style>\t\t\t\t<h4 class=\"entradilla-large white center\">Si est\u00e1s en Colombia<br \/>puedes hacer tu donaci\u00f3n a:<\/h4><div class=\"checkbox-label-2-copy black\"><h6><em>BBVA Colombia<\/em><br \/><em>Cuenta Ahorros<\/em><br \/><em><strong>#099-50012-96<\/strong><\/em><br \/><em>Fundaci\u00f3n Semillas para una vida digna<\/em><br \/><em>NIT 901234030-4<\/em><\/h6><\/div>\t\t\t\t\t\t<\/div>\n\t\t\t\t<\/div>\n\t\t\t\t\t<\/div>\n\t\t\t\t<\/div>\n\t\t<div class=\"elementor-element elementor-element-e57b2bf e-flex e-con-boxed e-con e-parent\" data-id=\"e57b2bf\" data-element_type=\"container\">\n\t\t\t\t\t<div class=\"e-con-inner\">\n\t\t\t\t<div class=\"elementor-element elementor-element-38d5e09 elementor-widget elementor-widget-heading\" data-id=\"38d5e09\" data-element_type=\"widget\" data-widget_type=\"heading.default\">\n\t\t\t\t<div class=\"elementor-widget-container\">\n\t\t\t<style>\/*! elementor - v3.21.0 - 15-04-2024 *\/\n.elementor-heading-title{padding:0;margin:0;line-height:1}.elementor-widget-heading .elementor-heading-title[class*=elementor-size-]>a{color:inherit;font-size:inherit;line-height:inherit}.elementor-widget-heading .elementor-heading-title.elementor-size-small{font-size:15px}.elementor-widget-heading .elementor-heading-title.elementor-size-medium{font-size:19px}.elementor-widget-heading .elementor-heading-title.elementor-size-large{font-size:29px}.elementor-widget-heading .elementor-heading-title.elementor-size-xl{font-size:39px}.elementor-widget-heading .elementor-heading-title.elementor-size-xxl{font-size:59px}<\/style><h4 class=\"elementor-heading-title elementor-size-default\">O escanea el siguiente c\u00f3digo QR con la app de tu banco:<\/h4>\t\t<\/div>\n\t\t\t\t<\/div>\n\t\t\t\t\t<\/div>\n\t\t\t\t<\/div>\n\t\t<div class=\"elementor-element elementor-element-95f8dd7 e-flex e-con-boxed e-con e-parent\" data-id=\"95f8dd7\" data-element_type=\"container\">\n\t\t\t\t\t<div class=\"e-con-inner\">\n\t\t\t\t<div class=\"elementor-element elementor-element-bfdfe99 elementor-widget elementor-widget-image\" data-id=\"bfdfe99\" data-element_type=\"widget\" data-widget_type=\"image.default\">\n\t\t\t\t<div class=\"elementor-widget-container\">\n\t\t\t<style>\/*! elementor - v3.21.0 - 15-04-2024 *\/\n.elementor-widget-image{text-align:center}.elementor-widget-image a{display:inline-block}.elementor-widget-image a img[src$=\".svg\"]{width:48px}.elementor-widget-image img{vertical-align:middle;display:inline-block}<\/style>\t\t\t\t\t\t\t\t\t\t<img fetchpriority=\"high\" decoding=\"async\" width=\"270\" height=\"300\" src=\"https:\/\/fusemvid.org\/wp-content\/uploads\/2025\/10\/QR-Fundacion-Semillas-270x300.jpg\" class=\"attachment-medium size-medium wp-image-305\" alt=\"\" srcset=\"https:\/\/fusemvid.org\/wp-content\/uploads\/2025\/10\/QR-Fundacion-Semillas-270x300.jpg 270w, https:\/\/fusemvid.org\/wp-content\/uploads\/2025\/10\/QR-Fundacion-Semillas-920x1024.jpg 920w, https:\/\/fusemvid.org\/wp-content\/uploads\/2025\/10\/QR-Fundacion-Semillas-768x855.jpg 768w, https:\/\/fusemvid.org\/wp-content\/uploads\/2025\/10\/QR-Fundacion-Semillas-1380x1536.jpg 1380w, https:\/\/fusemvid.org\/wp-content\/uploads\/2025\/10\/QR-Fundacion-Semillas.jpg 1558w\" sizes=\"(max-width: 270px) 100vw, 270px\" \/>\t\t\t\t\t\t\t\t\t\t\t\t\t<\/div>\n\t\t\t\t<\/div>\n\t\t\t\t\t<\/div>\n\t\t\t\t<\/div>\n\t\t<div class=\"elementor-element elementor-element-f77a43a e-flex e-con-boxed e-con e-parent\" data-id=\"f77a43a\" data-element_type=\"container\">\n\t\t\t\t\t<div class=\"e-con-inner\">\n\t\t\t\t<div class=\"elementor-element elementor-element-53d436d elementor-widget elementor-widget-html\" data-id=\"53d436d\" data-element_type=\"widget\" data-widget_type=\"html.default\">\n\t\t\t\t<div class=\"elementor-widget-container\">\n\t\t\t<form action=\"https:\/\/www.paypal.com\/donate\" method=\"post\" target=\"_top\">\r\n  <input type=\"hidden\" name=\"hosted_button_id\" value=\"TU_ID_DE_PAYPAL\" \/>\r\n  <input type=\"submit\" value=\"Donar con PayPal\" \/>\r\n<\/form>\r\n\t\t<\/div>\n\t\t\t\t<\/div>\n\t\t\t\t\t<\/div>\n\t\t\t\t<\/div>\n\t\t\t\t<\/div>\n\t\t","protected":false},"excerpt":{"rendered":"<p>Si est\u00e1s en Colombiapuedes hacer tu donaci\u00f3n a: BBVA ColombiaCuenta Ahorros#099-50012-96Fundaci\u00f3n Semillas para una vida dignaNIT 901234030-4 O escanea el siguiente c\u00f3digo QR con la app de tu banco:<\/p>\n","protected":false},"author":2,"featured_media":0,"parent":0,"menu_order":0,"comment_status":"closed","ping_status":"closed","template":"","meta":{"_joinchat":[],"footnotes":""},"class_list":["post-287","page","type-page","status-publish"],"_links":{"self":[{"href":"https:\/\/fusemvid.org\/index.php\/wp-json\/wp\/v2\/pages\/287","targetHints":{"allow":["GET"]}}],"collection":[{"href":"https:\/\/fusemvid.org\/index.php\/wp-json\/wp\/v2\/pages"}],"about":[{"href":"https:\/\/fusemvid.org\/index.php\/wp-json\/wp\/v2\/types\/page"}],"author":[{"embeddable":true,"href":"https:\/\/fusemvid.org\/index.php\/wp-json\/wp\/v2\/users\/2"}],"replies":[{"embeddable":true,"href":"https:\/\/fusemvid.org\/index.php\/wp-json\/wp\/v2\/comments?post=287"}],"version-history":[{"count":25,"href":"https:\/\/fusemvid.org\/index.php\/wp-json\/wp\/v2\/pages\/287\/revisions"}],"predecessor-version":[{"id":317,"href":"https:\/\/fusemvid.org\/index.php\/wp-json\/wp\/v2\/pages\/287\/revisions\/317"}],"wp:attachment":[{"href":"https:\/\/fusemvid.org\/index.php\/wp-json\/wp\/v2\/media?parent=287"}],"curies":[{"name":"wp","href":"https:\/\/api.w.org\/{rel}","templated":true}]}}